{"id":55,"date":"2021-03-11T21:39:43","date_gmt":"2021-03-11T20:39:43","guid":{"rendered":"http:\/\/freischarenmanoever.ch\/wordpress\/?page_id=55"},"modified":"2021-03-21T16:27:43","modified_gmt":"2021-03-21T15:27:43","slug":"freischaren","status":"publish","type":"page","link":"https:\/\/freischarenmanoever.ch\/wordpress\/?page_id=55","title":{"rendered":"Freischaren"},"content":{"rendered":"\n<h2 class=\"wp-block-heading\">Freischaren-Corps Lenzburg<\/h2>\n\n\n\n<p>Sch\u00f6ne Bilder in die Landschaft rund um Schlossberg und Goffersberg malen, das Publikum mit einem spektakul\u00e4ren Landschaftstheater erfreuen und ein generationenverbindendes Brauchtum pflegen &#8211; das sind wichtige Ziele des Lenzburger Freischarenwesens.<\/p>\n\n\n\n<p>F\u00fcr das Corps selbst, welches alle zwei Jahre aus vielen hundert Freiwilligen rekrutiert wird, geht es vor allem aber auch um die Freude am Mitmachen, die Pflege der Geselligkeit in einem einzigartigen Rahmen und den Plausch, im Vorfeld&nbsp;clandestine \u00dcberraschungen und kreative Finten auszuhecken, um den ewigen Gegenspieler, das Kadettenkorps, endlich doch einmal besiegen zu k\u00f6nnen. Dass die Unm\u00f6glichkeit eines Freischarensieges dabei in der Man\u00f6veranlage liegt, ist kein Grund, die alten Karabiner und Langgewehre ins Korn zu werfen. Im Gegenteil, die Freischaren werden dadurch immer wieder neu motiviert,&nbsp;frische &#8222;Honolulu&#8220;-Energien&nbsp;zu mobilisieren.<\/p>\n\n\n\n<p>Das R\u00fcckgrat des Freischaren-Corps bilden die Lenzburger Vereine: Fussballer, Handballer, Sch\u00fctzen, Skiclub, Stadtmusik, Tambouren, Tennisclub, Turnverein und Unihockeyaner. Hinzu kommen weitere Z\u00fcge und Spezialeinheiten wie Artillerie, Detachement Cort\u00e8ge und Sicherheit, Freischarenfotografen, Stahlross, Reitverein, Reitsektion der Offiziersgesellschaft,  Wilde, Ehemalige Kadettinnen und Kadetten, Marketenderinnen, Fahnengarde, Freischarenmusik oder Freischarenk\u00fcche.<\/p>\n\n\n\n<p>Die Vorbereitungen f\u00fcr ein Man\u00f6ver beginnen praktisch am Tag nach einem Freischaren-Jugendfest. Seit ein paar Jahren verf\u00fcgen die Freischaren in der Berufsschule Lenzburg \u00fcber ein grosses Arsenal, in dem der eigene Kost\u00fcmbestand, Gewehre, S\u00e4bel und anderes Material gepflegt und unterhalten werden.<\/p>\n\n\n\n<p>Im Laufe der zweij\u00e4hrigen Vorbereitungszeit leisten viele Dutzend Freiwillige einige tausend Stunden Frondienstarbeit, damit das grosse Landschaftstheater reibungslos und vor allem unfallfrei \u00fcber die B\u00fchne gebracht werden kann.<\/p>\n\n\n\n<p>Das Mitmachen am Freischarenman\u00f6ver ist f\u00fcr viele Lenzburgerinnen und Lenzburger Ehrensache und Herzensangelegenheit. Viele Heimwehlenzburgerinnen und -lenzburger lassen es sich nicht nehmen, alle zwei Jahr extra &#8211; teilweise aus den entferntesten Winkeln der Welt &#8211; ins Burgenst\u00e4dtchen zu reisen, um &#8222;Honolulu&#8220; zu zelebrieren.<\/p>\n\n\n\n<p><\/p>\n\n\n\n<p><\/p>\n\n\n\n<figure class=\"wp-block-image size-large\"><img decoding=\"async\" src=\"blob:https:\/\/freischarenmanoever.ch\/6ffa8609-e58a-4d2a-b09d-afe58c1c4092\" alt=\"\"\/><\/figure>\n\n\n\n<p><\/p>\n","protected":false},"excerpt":{"rendered":"<p>Freischaren-Corps Lenzburg Sch\u00f6ne Bilder in die Landschaft rund um Schlossberg und Goffersberg malen, das Publikum mit einem spektakul\u00e4ren Landschaftstheater erfreuen und ein generationenverbindendes Brauchtum pflegen &hellip;<\/p>\n","protected":false},"author":1,"featured_media":262,"parent":69,"menu_order":0,"comment_status":"closed","ping_status":"closed","template":"","meta":{"_monsterinsights_skip_tracking":false,"_monsterinsights_sitenote_active":false,"_monsterinsights_sitenote_note":"","_monsterinsights_sitenote_category":0,"footnotes":""},"class_list":["post-55","page","type-page","status-publish","has-post-thumbnail","hentry"],"_links":{"self":[{"href":"https:\/\/freischarenmanoever.ch\/wordpress\/index.php?rest_route=\/wp\/v2\/pages\/55","targetHints":{"allow":["GET"]}}],"collection":[{"href":"https:\/\/freischarenmanoever.ch\/wordpress\/index.php?rest_route=\/wp\/v2\/pages"}],"about":[{"href":"https:\/\/freischarenmanoever.ch\/wordpress\/index.php?rest_route=\/wp\/v2\/types\/page"}],"author":[{"embeddable":true,"href":"https:\/\/freischarenmanoever.ch\/wordpress\/index.php?rest_route=\/wp\/v2\/users\/1"}],"replies":[{"embeddable":true,"href":"https:\/\/freischarenmanoever.ch\/wordpress\/index.php?rest_route=%2Fwp%2Fv2%2Fcomments&post=55"}],"version-history":[{"count":6,"href":"https:\/\/freischarenmanoever.ch\/wordpress\/index.php?rest_route=\/wp\/v2\/pages\/55\/revisions"}],"predecessor-version":[{"id":461,"href":"https:\/\/freischarenmanoever.ch\/wordpress\/index.php?rest_route=\/wp\/v2\/pages\/55\/revisions\/461"}],"up":[{"embeddable":true,"href":"https:\/\/freischarenmanoever.ch\/wordpress\/index.php?rest_route=\/wp\/v2\/pages\/69"}],"wp:featuredmedia":[{"embeddable":true,"href":"https:\/\/freischarenmanoever.ch\/wordpress\/index.php?rest_route=\/wp\/v2\/media\/262"}],"wp:attachment":[{"href":"https:\/\/freischarenmanoever.ch\/wordpress\/index.php?rest_route=%2Fwp%2Fv2%2Fmedia&parent=55"}],"curies":[{"name":"wp","href":"https:\/\/api.w.org\/{rel}","templated":true}]}}