{"id":155,"date":"2021-03-14T16:09:50","date_gmt":"2021-03-14T15:09:50","guid":{"rendered":"http:\/\/freischarenmanoever.ch\/wordpress\/?page_id=155"},"modified":"2024-06-02T12:52:23","modified_gmt":"2024-06-02T10:52:23","slug":"honolulu-2021-light","status":"publish","type":"page","link":"https:\/\/freischarenmanoever.ch\/wordpress\/?page_id=155","title":{"rendered":"Honolulu 2024"},"content":{"rendered":"\n<p>Honolulu,<\/p>\n\n\n\n<p>liebe Freundinnen und Freunde der Lenzburger Freischaren aus nah und fern<\/p>\n\n\n\n<p>Am Jugendfestnachmittag vom Freitag, 12. Juli 2024, findet in Lenzburg wiederum das Freischarenman\u00f6ver statt. Unser beliebter Brauch geht auf die Mitte des 19. Jahrhunderts zur\u00fcck. Inspiriert von den Freischarenz\u00fcgen des deutschen Revolutionsk\u00e4mpfers Ludwig Blenker wurden die \u00abExerzier\u00fcbungen\u00bb der Kadetten mit kost\u00fcmierten und geschminkten \u00abHorden\u00bb angereichert.<\/p>\n\n\n\n<p>Das Lenzburger Freischarenman\u00f6ver hat sich in den letzten 172 Jahren zu einem spektakul\u00e4ren Landschaftstheater entwickelt, das einzigartig ist in der Schweiz. Auch in diesem Jahr werden wieder Freischaren und Kadetten vor der grandiosen Kulisse von Schloss und Goffersberg wunderbare Bilder in die Landschaft malen. Ein fr\u00f6hliches, farbenfrohes Spektakel, welches Generationen verbindet und jeweils viele Tausend Zuschauer&nbsp;fasziniert.<\/p>\n\n\n\n<p>Lassen Sie es sich deshalb nicht entgehen, am Freitag, 12. Juli 2024, das Lenzburger Jugendfest mit Freischarenman\u00f6ver zu besuchen. Seien Sie Teil dieses grandiosen und einzigartigen Erlebnisses!<\/p>\n\n\n\n<p><\/p>\n\n\n\n<figure class=\"wp-block-image size-large\"><img loading=\"lazy\" decoding=\"async\" width=\"770\" height=\"1024\" src=\"https:\/\/freischarenmanoever.ch\/wordpress\/wp-content\/uploads\/2024\/06\/image-770x1024.png\" alt=\"\" class=\"wp-image-822\" srcset=\"https:\/\/freischarenmanoever.ch\/wordpress\/wp-content\/uploads\/2024\/06\/image-770x1024.png 770w, https:\/\/freischarenmanoever.ch\/wordpress\/wp-content\/uploads\/2024\/06\/image-226x300.png 226w, https:\/\/freischarenmanoever.ch\/wordpress\/wp-content\/uploads\/2024\/06\/image-768x1021.png 768w, https:\/\/freischarenmanoever.ch\/wordpress\/wp-content\/uploads\/2024\/06\/image.png 1128w\" sizes=\"auto, (max-width: 770px) 100vw, 770px\" \/><\/figure>\n\n\n\n<hr class=\"wp-block-separator has-alpha-channel-opacity\"\/>\n\n\n\n<p><\/p>\n\n\n\n<p><\/p>\n\n\n\n<p><\/p>\n\n\n\n<p><\/p>\n\n\n\n<p><\/p>\n\n\n\n<p><\/p>\n","protected":false},"excerpt":{"rendered":"<p>Honolulu, liebe Freundinnen und Freunde der Lenzburger Freischaren aus nah und fern Am Jugendfestnachmittag vom Freitag, 12. Juli 2024, findet in Lenzburg wiederum das Freischarenman\u00f6ver &hellip;<\/p>\n","protected":false},"author":1,"featured_media":165,"parent":0,"menu_order":0,"comment_status":"closed","ping_status":"closed","template":"","meta":{"_monsterinsights_skip_tracking":false,"_monsterinsights_sitenote_active":false,"_monsterinsights_sitenote_note":"","_monsterinsights_sitenote_category":0,"footnotes":""},"class_list":["post-155","page","type-page","status-publish","has-post-thumbnail","hentry"],"_links":{"self":[{"href":"https:\/\/freischarenmanoever.ch\/wordpress\/index.php?rest_route=\/wp\/v2\/pages\/155","targetHints":{"allow":["GET"]}}],"collection":[{"href":"https:\/\/freischarenmanoever.ch\/wordpress\/index.php?rest_route=\/wp\/v2\/pages"}],"about":[{"href":"https:\/\/freischarenmanoever.ch\/wordpress\/index.php?rest_route=\/wp\/v2\/types\/page"}],"author":[{"embeddable":true,"href":"https:\/\/freischarenmanoever.ch\/wordpress\/index.php?rest_route=\/wp\/v2\/users\/1"}],"replies":[{"embeddable":true,"href":"https:\/\/freischarenmanoever.ch\/wordpress\/index.php?rest_route=%2Fwp%2Fv2%2Fcomments&post=155"}],"version-history":[{"count":23,"href":"https:\/\/freischarenmanoever.ch\/wordpress\/index.php?rest_route=\/wp\/v2\/pages\/155\/revisions"}],"predecessor-version":[{"id":824,"href":"https:\/\/freischarenmanoever.ch\/wordpress\/index.php?rest_route=\/wp\/v2\/pages\/155\/revisions\/824"}],"wp:featuredmedia":[{"embeddable":true,"href":"https:\/\/freischarenmanoever.ch\/wordpress\/index.php?rest_route=\/wp\/v2\/media\/165"}],"wp:attachment":[{"href":"https:\/\/freischarenmanoever.ch\/wordpress\/index.php?rest_route=%2Fwp%2Fv2%2Fmedia&parent=155"}],"curies":[{"name":"wp","href":"https:\/\/api.w.org\/{rel}","templated":true}]}}